{"id":17,"date":"2020-09-24T16:09:40","date_gmt":"2020-09-24T16:09:40","guid":{"rendered":"https:\/\/barbaraperezlaw.com\/?page_id=17"},"modified":"2026-03-25T01:27:55","modified_gmt":"2026-03-25T01:27:55","slug":"home","status":"publish","type":"page","link":"https:\/\/barbaraperezlaw.com\/es\/","title":{"rendered":"Inicio"},"content":{"rendered":"<p>[et_pb_section fb_built=&#8221;1&#8243; custom_padding_last_edited=&#8221;on|phone&#8221; _builder_version=&#8221;4.6.3&#8243; _module_preset=&#8221;default&#8221; background_image=&#8221;https:\/\/barbaraperezlaw.com\/wp-content\/uploads\/2020\/09\/main2.jpg&#8221; custom_margin=&#8221;||||false|false&#8221; custom_padding=&#8221;68px||86px||false|false&#8221; custom_padding_tablet=&#8221;&#8221; custom_padding_phone=&#8221;&#8221;][et_pb_row _builder_version=&#8221;4.6.3&#8243; _module_preset=&#8221;default&#8221;][et_pb_column type=&#8221;4_4&#8243; _builder_version=&#8221;4.6.3&#8243; _module_preset=&#8221;default&#8221;][et_pb_text _builder_version=&#8221;4.6.3&#8243; _module_preset=&#8221;default&#8221; header_font=&#8221;Cormorant Garamond||||||||&#8221; header_text_color=&#8221;#ffffff&#8221; header_font_size=&#8221;92px&#8221; header_2_font=&#8221;Cormorant Garamond||||||||&#8221; header_2_text_color=&#8221;#ffffff&#8221; header_2_font_size=&#8221;150px&#8221; header_3_font=&#8221;Open Sans||||||||&#8221; header_3_text_color=&#8221;#bcbcbc&#8221; header_3_font_size=&#8221;23px&#8221; header_3_letter_spacing=&#8221;11px&#8221; header_3_line_height=&#8221;1.5em&#8221; custom_margin=&#8221;24px||||false|false&#8221; animation_style=&#8221;fold&#8221; animation_speed_curve=&#8221;ease-out&#8221; header_font_size_tablet=&#8221;71px&#8221; header_font_size_phone=&#8221;39px&#8221; header_font_size_last_edited=&#8221;on|phone&#8221; header_2_font_size_tablet=&#8221;131px&#8221; header_2_font_size_phone=&#8221;83px&#8221; header_2_font_size_last_edited=&#8221;on|tablet&#8221; header_3_font_size_tablet=&#8221;20px&#8221; header_3_font_size_phone=&#8221;&#8221; header_3_font_size_last_edited=&#8221;on|phone&#8221; header_3_letter_spacing_tablet=&#8221;6px&#8221; header_3_letter_spacing_phone=&#8221;6px&#8221; header_3_letter_spacing_last_edited=&#8221;on|desktop&#8221;]<\/p>\n<h1 style=\"text-align: center;\"><b>Estrategia de inmigraci\u00f3n para casos complejos y sensibles<\/b><\/h1>\n<p style=\"text-align: center;\"><b><\/b><\/p>\n<p style=\"text-align: center;\"><b>Nos enfocamos en asuntos de inmigraci\u00f3n basados en la familia y en casos humanitarios, incluyendo perdones migratorios y consultas de segunda opini\u00f3n.<\/b><b><br \/><\/b><b>Tenga en cuenta: Nuestra oficina no se encarga de casos de personas detenidas ni de procedimientos en la corte de inmigraci\u00f3n (remoci\u00f3n).<\/b><\/p>\n<p>[\/et_pb_text][et_pb_button button_url=&#8221;@ET-DC@eyJkeW5hbWljIjp0cnVlLCJjb250ZW50IjoicG9zdF9saW5rX3VybF9wYWdlIiwic2V0dGluZ3MiOnsicG9zdF9pZCI6IjE0NyJ9fQ==@&#8221; button_text=&#8221;Need Help?&#8221; button_alignment=&#8221;center&#8221; _builder_version=&#8221;4.6.3&#8243; _dynamic_attributes=&#8221;button_url&#8221; _module_preset=&#8221;default&#8221; custom_button=&#8221;on&#8221; button_text_color=&#8221;#ffffff&#8221; button_bg_color=&#8221;#030303&#8243; button_border_width=&#8221;0px&#8221; button_border_radius=&#8221;0px&#8221; button_font=&#8221;Open Sans||||||||&#8221; custom_padding=&#8221;10px|40px|10px|40px|false|false&#8221; animation_style=&#8221;fade&#8221; button_bg_color__hover_enabled=&#8221;on|desktop&#8221; button_bg_color__hover=&#8221;#ffffff&#8221; button_bg_enable_color__hover=&#8221;on&#8221; button_text_color__hover_enabled=&#8221;on|desktop&#8221; button_text_color__hover=&#8221;#030303&#8243;][\/et_pb_button][\/et_pb_column][\/et_pb_row][\/et_pb_section][et_pb_section fb_built=&#8221;1&#8243; admin_label=&#8221;Feature&#8221; _builder_version=&#8221;4.6.3&#8243; background_color=&#8221;#efefef&#8221; use_background_color_gradient=&#8221;on&#8221; background_color_gradient_start=&#8221;#efefef&#8221; background_color_gradient_end=&#8221;rgba(0,0,0,0)&#8221; background_color_gradient_direction=&#8221;90deg&#8221; background_color_gradient_start_position=&#8221;50%&#8221; background_color_gradient_end_position=&#8221;50%&#8221; background_color_gradient_overlays_image=&#8221;on&#8221; background_image=&#8221;https:\/\/barbaraperezlaw.com\/wp-content\/uploads\/2020\/09\/giammarco-boscaro-.jpg&#8221; background_last_edited=&#8221;on|phone&#8221; background_color_gradient_start_position_tablet=&#8221;80%&#8221; locked=&#8221;off&#8221;][et_pb_row column_structure=&#8221;1_3,1_3,1_3&#8243; _builder_version=&#8221;4.0.6&#8243;][et_pb_column type=&#8221;1_3&#8243; _builder_version=&#8221;4.0.6&#8243;][et_pb_text _builder_version=&#8221;4.6.3&#8243; text_font=&#8221;Open Sans||||||||&#8221; text_text_color=&#8221;#828282&#8243; header_2_font=&#8221;Cormorant Garamond|700|||||||&#8221; header_2_text_color=&#8221;#030303&#8243; header_2_font_size=&#8221;66px&#8221; header_3_font=&#8221;Open Sans||||||||&#8221; header_3_text_color=&#8221;#030303&#8243; header_3_font_size=&#8221;23px&#8221; header_3_letter_spacing=&#8221;11px&#8221; header_4_font=&#8221;Merriweather||||||||&#8221; header_4_text_color=&#8221;#e94558&#8243; header_4_line_height=&#8221;1.4em&#8221; max_width_tablet=&#8221;80%&#8221; max_width_phone=&#8221;&#8221; max_width_last_edited=&#8221;on|phone&#8221; animation_style=&#8221;fade&#8221; header_2_font_size_tablet=&#8221;54px&#8221; header_2_font_size_phone=&#8221;35px&#8221; header_2_font_size_last_edited=&#8221;on|desktop&#8221; header_3_font_size_tablet=&#8221;20px&#8221; header_3_font_size_phone=&#8221;&#8221; header_3_font_size_last_edited=&#8221;on|phone&#8221; header_3_letter_spacing_tablet=&#8221;6px&#8221; header_3_letter_spacing_phone=&#8221;&#8221; header_3_letter_spacing_last_edited=&#8221;on|tablet&#8221; header_4_font_size_tablet=&#8221;20px&#8221; header_4_font_size_phone=&#8221;14px&#8221; header_4_font_size_last_edited=&#8221;on|phone&#8221; locked=&#8221;off&#8221;]<\/p>\n<h2>Descripci\u00f3n General<\/h2>\n<p>En Las Oficinas Legales de Barbara Perez, PLLC, nuestra misi\u00f3n es guiar y empoderar a las personas que buscan un estatus migratorio legal en los Estados Unidos. Con un enfoque dedicado a las visas humanitarias y familiares, estamos comprometidos a unir a las familias y ofrecer un camino hacia la esperanza. Nuestra base se basa en valores inquebrantables de integridad, transparencia y empat\u00eda. Nos oponemos a la explotaci\u00f3n que algunos enfrentan en su b\u00fasqueda de una vida mejor y prometemos brindar el m\u00e1s alto nivel de servicio con honestidad y compasi\u00f3n.<\/p>\n<p>Adem\u00e1s de nuestros servicios de inmigraci\u00f3n, nos dedicamos a salvaguardar el derecho fundamental de la libertad religiosa. Entendemos la importancia de practicar la propia fe y la importancia de defender las creencias individuales. Como defensores de las libertades religiosas, ayudamos a quienes buscan exenciones de vacunas basadas en objeciones religiosas y morales sinceras, garantizando que se respeten sus convicciones.<\/p>\n<p>Como defensores y administradores de la justicia, abordamos cada caso con dedicaci\u00f3n a la excelencia, impulsados por la creencia de que nuestro trabajo es un reflejo de nuestra fe. En Las Oficinas Legales de Barbara Perez, PLLC, nos esforzamos no solo por satisfacer las necesidades legales sino tambi\u00e9n por mejorar vidas, sabiendo que en todo, servimos tanto a nuestros clientes como a nuestro prop\u00f3sito superior.<\/p>\n<p><span style=\"font-size: revert;\">[\/et_pb_text][et_pb_button button_url=&#8221;@ET-DC@eyJkeW5hbWljIjp0cnVlLCJjb250ZW50IjoicG9zdF9saW5rX3VybF9wYWdlIiwic2V0dGluZ3MiOnsicG9zdF9pZCI6Ijk4In19@&#8221; button_text=&#8221;Learn More..&#8221; button_alignment=&#8221;left&#8221; _builder_version=&#8221;4.6.3&#8243; _dynamic_attributes=&#8221;button_url&#8221; _module_preset=&#8221;default&#8221; custom_button=&#8221;on&#8221; button_text_color=&#8221;#ffffff&#8221; button_bg_color=&#8221;#030303&#8243; button_border_width=&#8221;0px&#8221; button_border_radius=&#8221;0px&#8221; button_font=&#8221;Open Sans||||||||&#8221; custom_padding=&#8221;10px|40px|10px|40px|false|false&#8221; animation_style=&#8221;fade&#8221; button_bg_color__hover_enabled=&#8221;on|desktop&#8221; button_bg_color__hover=&#8221;#ffffff&#8221; button_bg_enable_color__hover=&#8221;on&#8221; button_text_color__hover_enabled=&#8221;on|desktop&#8221; button_text_color__hover=&#8221;#030303&#8243;][\/et_pb_button][\/et_pb_column][et_pb_column type=&#8221;1_3&#8243; _builder_version=&#8221;4.0.6&#8243;][et_pb_image src=&#8221;https:\/\/barbaraperezlaw.com\/wp-content\/uploads\/2020\/09\/Er0e.png&#8221; title_text=&#8221;Er0e&#8221; align=&#8221;right&#8221; _builder_version=&#8221;4.6.3&#8243; max_height_tablet=&#8221;400px&#8221; max_height_phone=&#8221;400px&#8221; max_height_last_edited=&#8221;on|phone&#8221; custom_margin=&#8221;||-180px||false|false&#8221; animation_style=&#8221;fade&#8221; locked=&#8221;off&#8221;][\/et_pb_image][\/et_pb_column][et_pb_column type=&#8221;1_3&#8243; _builder_version=&#8221;4.0.6&#8243;][\/et_pb_column][\/et_pb_row][\/et_pb_section][et_pb_section fb_built=&#8221;1&#8243; admin_label=&#8221;Gallery&#8221; _builder_version=&#8221;4.6.3&#8243; background_color=&#8221;#efefef&#8221; custom_padding=&#8221;90px||0px||false|false&#8221; locked=&#8221;off&#8221;][et_pb_row _builder_version=&#8221;4.6.3&#8243;][et_pb_column type=&#8221;4_4&#8243; _builder_version=&#8221;4.0.6&#8243;][et_pb_text _builder_version=&#8221;4.6.3&#8243; text_font=&#8221;Open Sans||||||||&#8221; text_text_color=&#8221;#828282&#8243; header_2_font=&#8221;Cormorant Garamond|700|||||||&#8221; header_2_text_color=&#8221;#030303&#8243; header_2_font_size=&#8221;83px&#8221; header_3_font=&#8221;Open Sans||||||||&#8221; header_3_text_color=&#8221;#030303&#8243; header_3_font_size=&#8221;23px&#8221; header_3_letter_spacing=&#8221;11px&#8221; header_4_font=&#8221;Merriweather||||||||&#8221; header_4_text_color=&#8221;#e94558&#8243; header_4_line_height=&#8221;1.4em&#8221; max_width_tablet=&#8221;80%&#8221; max_width_phone=&#8221;&#8221; max_width_last_edited=&#8221;on|phone&#8221; header_2_font_size_tablet=&#8221;60px&#8221; header_2_font_size_phone=&#8221;43px&#8221; header_2_font_size_last_edited=&#8221;on|desktop&#8221; header_3_font_size_tablet=&#8221;20px&#8221; header_3_font_size_phone=&#8221;&#8221; header_3_font_size_last_edited=&#8221;on|phone&#8221; header_3_letter_spacing_tablet=&#8221;6px&#8221; header_3_letter_spacing_phone=&#8221;&#8221; header_3_letter_spacing_last_edited=&#8221;on|tablet&#8221; header_4_font_size_tablet=&#8221;20px&#8221; header_4_font_size_phone=&#8221;14px&#8221; header_4_font_size_last_edited=&#8221;on|phone&#8221; locked=&#8221;off&#8221;]<\/span><\/p>\n<h2 style=\"text-align: center;\">Areas de pr\u00e1ctica<\/h2>\n<p>[\/et_pb_text][\/et_pb_column][\/et_pb_row][et_pb_row _builder_version=&#8221;4.6.3&#8243;][et_pb_column type=&#8221;4_4&#8243; _builder_version=&#8221;4.0.6&#8243;][dsm_card_carousel layout=&#8221;inline&#8221; _builder_version=&#8221;4.6.3&#8243; _module_preset=&#8221;default&#8221; header_font=&#8221;Cormorant Garamond||||||||&#8221; header_text_color=&#8221;#030303&#8243; header_font_size=&#8221;28px&#8221; body_font=&#8221;Open Sans||||||||&#8221; custom_button=&#8221;on&#8221; button_text_color=&#8221;#ffffff&#8221; button_bg_color=&#8221;#030303&#8243; button_border_width=&#8221;0px&#8221; button_border_radius=&#8221;0px&#8221; button_font=&#8221;Open Sans||||||||&#8221; button_custom_padding=&#8221;10px|40px|10px|40px|false|false&#8221; filter_saturate=&#8221;0%&#8221; animation_style=&#8221;fade&#8221; button_text_color__hover=&#8221;#030303&#8243; button_text_color__hover_enabled=&#8221;on|desktop&#8221; button_bg_color__hover=&#8221;#ffffff&#8221; button_bg_color__hover_enabled=&#8221;on|desktop&#8221; filter_saturate__hover_enabled=&#8221;on|hover&#8221; filter_saturate__hover=&#8221;98%&#8221;][dsm_card_carousel_child title=&#8221;Family Petitions&#8221; image=&#8221;https:\/\/barbaraperezlaw.com\/wp-content\/uploads\/2020\/09\/family-2811003_640.jpg&#8221; button_url_new_window=&#8221;1&#8243; _builder_version=&#8221;4.6.3&#8243; _dynamic_attributes=&#8221;link_option_url&#8221; _module_preset=&#8221;default&#8221; link_option_url=&#8221;@ET-DC@eyJkeW5hbWljIjp0cnVlLCJjb250ZW50IjoicG9zdF9saW5rX3VybF9wYWdlIiwic2V0dGluZ3MiOnsicG9zdF9pZCI6IjI5NyJ9fQ==@&#8221;]As a United States Citizen or legal permanent resident, you may petition for certain family members to receive a green card.[\/dsm_card_carousel_child][dsm_card_carousel_child title=&#8221;Asylum&#8221; image=&#8221;https:\/\/barbaraperezlaw.com\/wp-content\/uploads\/2020\/09\/team-spirit-2447163_640.jpg&#8221; button_url_new_window=&#8221;1&#8243; _builder_version=&#8221;4.6.3&#8243; _dynamic_attributes=&#8221;link_option_url&#8221; _module_preset=&#8221;default&#8221; link_option_url=&#8221;@ET-DC@eyJkeW5hbWljIjp0cnVlLCJjb250ZW50IjoicG9zdF9saW5rX3VybF9wYWdlIiwic2V0dGluZ3MiOnsicG9zdF9pZCI6IjMyMyJ9fQ==@&#8221;]Every year people come to the United States seeking protection because they have suffered persecution or fear that they will..[\/dsm_card_carousel_child][dsm_card_carousel_child title=&#8221;Waivers&#8221; image=&#8221;https:\/\/barbaraperezlaw.com\/wp-content\/uploads\/2020\/09\/mario-purisic-jG1z5o7NCq4-unsplash.jpg&#8221; button_url_new_window=&#8221;1&#8243; _builder_version=&#8221;4.6.3&#8243; _dynamic_attributes=&#8221;link_option_url&#8221; _module_preset=&#8221;default&#8221; link_option_url=&#8221;@ET-DC@eyJkeW5hbWljIjp0cnVlLCJjb250ZW50IjoicG9zdF9saW5rX3VybF9wYWdlIiwic2V0dGluZ3MiOnsicG9zdF9pZCI6IjMyOCJ9fQ==@&#8221;]Certain aliens may not\u00a0be allowed to\u00a0enter or obtain status in the United States because they are inadmissible.\u00a0These aliens ..[\/dsm_card_carousel_child][dsm_card_carousel_child title=&#8221;Humanitarian Visas&#8221; image=&#8221;https:\/\/barbaraperezlaw.com\/wp-content\/uploads\/2020\/09\/chris-hardy-Dy9PGH366Tk-unsplash.jpg.png&#8221; button_url_new_window=&#8221;1&#8243; _builder_version=&#8221;4.6.3&#8243; _dynamic_attributes=&#8221;link_option_url&#8221; _module_preset=&#8221;default&#8221; link_option_url=&#8221;@ET-DC@eyJkeW5hbWljIjp0cnVlLCJjb250ZW50IjoicG9zdF9saW5rX3VybF9wYWdlIiwic2V0dGluZ3MiOnsicG9zdF9pZCI6IjMzMyJ9fQ==@&#8221;]The United States government helps protect victims of human trafficking and other crimes by providing immigration..[\/dsm_card_carousel_child][\/dsm_card_carousel][\/et_pb_column][\/et_pb_row][\/et_pb_section][et_pb_section fb_built=&#8221;1&#8243; _builder_version=&#8221;4.6.3&#8243; _module_preset=&#8221;default&#8221; background_color=&#8221;#1b1d20&#8243; custom_padding=&#8221;50px||50px||true|false&#8221;][et_pb_row _builder_version=&#8221;4.6.3&#8243; _module_preset=&#8221;default&#8221;][et_pb_column type=&#8221;4_4&#8243; _builder_version=&#8221;4.6.3&#8243; _module_preset=&#8221;default&#8221;][et_pb_text disabled_on=&#8221;off|off|off&#8221; _builder_version=&#8221;4.6.3&#8243; _module_preset=&#8221;default&#8221; text_font_size=&#8221;20px&#8221; header_2_font=&#8221;Cormorant Garamond||||||||&#8221; header_2_text_color=&#8221;#ffffff&#8221; header_2_font_size=&#8221;71px&#8221; header_2_font_size_tablet=&#8221;57px&#8221; header_2_font_size_phone=&#8221;35px&#8221; header_2_font_size_last_edited=&#8221;on|phone&#8221;]<\/p>\n<h2 style=\"text-align: center;\">\u00bfQuiere saber m\u00e1s sobre nuestros servicios?<\/h2>\n<p>[\/et_pb_text][et_pb_button button_url=&#8221;@ET-DC@eyJkeW5hbWljIjp0cnVlLCJjb250ZW50IjoicG9zdF9saW5rX3VybF9wYWdlIiwic2V0dGluZ3MiOnsicG9zdF9pZCI6IjIyNCJ9fQ==@&#8221; button_text=&#8221;What can we for you?&#8221; button_alignment=&#8221;center&#8221; _builder_version=&#8221;4.6.3&#8243; _dynamic_attributes=&#8221;button_url&#8221; _module_preset=&#8221;default&#8221; custom_button=&#8221;on&#8221; button_text_color=&#8221;#030303&#8243; button_bg_color=&#8221;#ffffff&#8221; button_border_width=&#8221;0px&#8221; button_border_radius=&#8221;0px&#8221; button_font=&#8221;Open Sans||||||||&#8221; custom_padding=&#8221;10px|40px|10px|40px|false|false&#8221; animation_style=&#8221;fade&#8221; button_bg_color__hover_enabled=&#8221;on|desktop&#8221; button_bg_color__hover=&#8221;#030303&#8243; button_bg_enable_color__hover=&#8221;on&#8221; button_text_color__hover_enabled=&#8221;on|hover&#8221; button_text_color__hover=&#8221;#ffffff&#8221;][\/et_pb_button][\/et_pb_column][\/et_pb_row][\/et_pb_section][et_pb_section fb_built=&#8221;1&#8243; admin_label=&#8221;Gallery&#8221; _builder_version=&#8221;4.6.3&#8243; background_color=&#8221;#efefef&#8221; custom_padding=&#8221;90px||0px||false|false&#8221; locked=&#8221;off&#8221;][et_pb_row _builder_version=&#8221;4.6.3&#8243;][et_pb_column type=&#8221;4_4&#8243; _builder_version=&#8221;4.0.6&#8243;][et_pb_text _builder_version=&#8221;4.6.3&#8243; text_font=&#8221;Open Sans||||||||&#8221; text_text_color=&#8221;#828282&#8243; header_2_font=&#8221;Cormorant Garamond|700|||||||&#8221; header_2_text_color=&#8221;#030303&#8243; header_2_font_size=&#8221;83px&#8221; header_3_font=&#8221;Open Sans||||||||&#8221; header_3_text_color=&#8221;#030303&#8243; header_3_font_size=&#8221;23px&#8221; header_3_letter_spacing=&#8221;11px&#8221; header_4_font=&#8221;Merriweather||||||||&#8221; header_4_text_color=&#8221;#e94558&#8243; header_4_line_height=&#8221;1.4em&#8221; max_width_tablet=&#8221;80%&#8221; max_width_phone=&#8221;&#8221; max_width_last_edited=&#8221;on|phone&#8221; header_2_font_size_tablet=&#8221;60px&#8221; header_2_font_size_phone=&#8221;43px&#8221; header_2_font_size_last_edited=&#8221;on|desktop&#8221; header_3_font_size_tablet=&#8221;20px&#8221; header_3_font_size_phone=&#8221;&#8221; header_3_font_size_last_edited=&#8221;on|phone&#8221; header_3_letter_spacing_tablet=&#8221;6px&#8221; header_3_letter_spacing_phone=&#8221;&#8221; header_3_letter_spacing_last_edited=&#8221;on|tablet&#8221; header_4_font_size_tablet=&#8221;20px&#8221; header_4_font_size_phone=&#8221;14px&#8221; header_4_font_size_last_edited=&#8221;on|phone&#8221; locked=&#8221;off&#8221;]<\/p>\n<p>&nbsp;<\/p>\n<h2 style=\"text-align: center;\"><b>Por qu\u00e9 los clientes acuden a nosotros<\/b><\/h2>\n<p>[\/et_pb_text][\/et_pb_column][\/et_pb_row][et_pb_row _builder_version=&#8221;4.7.4&#8243; hover_enabled=&#8221;0&#8243; sticky_enabled=&#8221;0&#8243;][et_pb_column type=&#8221;4_4&#8243; _builder_version=&#8221;4.0.6&#8243; hover_enabled=&#8221;0&#8243; sticky_enabled=&#8221;0&#8243;][et_pb_cta button_text=&#8221;Click Here&#8221; _builder_version=&#8221;4.7.4&#8243; _module_preset=&#8221;default&#8221; hover_enabled=&#8221;0&#8243; sticky_enabled=&#8221;0&#8243; background_color=&#8221;#000000&#8243; custom_margin=&#8221;|0px||||&#8221;]<\/p>\n<ul>\n<li aria-level=\"1\" style=\"text-align: left;\">Ha recibido asesor\u00eda legal contradictoria o poco clara<\/li>\n<li aria-level=\"1\" style=\"text-align: left;\">Su caso fue previamente denegado<\/li>\n<li aria-level=\"1\" style=\"text-align: left;\">Tuvo una experiencia dif\u00edcil con un abogado anterior<\/li>\n<li aria-level=\"1\" style=\"text-align: left;\">Su situaci\u00f3n es compleja y requiere una estrategia cuidadosa<\/li>\n<li aria-level=\"1\" style=\"text-align: left;\">Desea recibir orientaci\u00f3n directa de un abogado, no solo del personal<\/li>\n<\/ul>\n<p><b><\/b><\/p>\n<p>[\/et_pb_cta][\/et_pb_column][\/et_pb_row][\/et_pb_section][et_pb_section fb_built=&#8221;1&#8243; _builder_version=&#8221;4.6.3&#8243; _module_preset=&#8221;default&#8221; background_color=&#8221;#f0f0f0&#8243; custom_padding=&#8221;117px||117px||true|&#8221;][et_pb_row _builder_version=&#8221;4.6.3&#8243; _module_preset=&#8221;default&#8221;][et_pb_column type=&#8221;4_4&#8243; _builder_version=&#8221;4.6.3&#8243; _module_preset=&#8221;default&#8221;][et_pb_text _builder_version=&#8221;4.6.3&#8243; text_font=&#8221;Open Sans||||||||&#8221; text_text_color=&#8221;#828282&#8243; header_2_font=&#8221;Cormorant Garamond|700|||||||&#8221; header_2_text_color=&#8221;#030303&#8243; header_2_font_size=&#8221;83px&#8221; header_3_font=&#8221;Open Sans||||||||&#8221; header_3_text_color=&#8221;#030303&#8243; header_3_font_size=&#8221;23px&#8221; header_3_letter_spacing=&#8221;11px&#8221; header_4_font=&#8221;Merriweather||||||||&#8221; header_4_text_color=&#8221;#e94558&#8243; header_4_line_height=&#8221;1.4em&#8221; max_width_tablet=&#8221;80%&#8221; max_width_phone=&#8221;&#8221; max_width_last_edited=&#8221;on|phone&#8221; header_2_font_size_tablet=&#8221;60px&#8221; header_2_font_size_phone=&#8221;43px&#8221; header_2_font_size_last_edited=&#8221;on|desktop&#8221; header_3_font_size_tablet=&#8221;20px&#8221; header_3_font_size_phone=&#8221;&#8221; header_3_font_size_last_edited=&#8221;on|phone&#8221; header_3_letter_spacing_tablet=&#8221;6px&#8221; header_3_letter_spacing_phone=&#8221;&#8221; header_3_letter_spacing_last_edited=&#8221;on|tablet&#8221; header_4_font_size_tablet=&#8221;20px&#8221; header_4_font_size_phone=&#8221;14px&#8221; header_4_font_size_last_edited=&#8221;on|phone&#8221; locked=&#8221;off&#8221;]<\/p>\n<h2 style=\"text-align: center;\">S\u00edganos<\/h2>\n<h3 style=\"text-align: center;\">En las redes sociales<\/h3>\n<p>[\/et_pb_text][et_pb_social_media_follow icon_font_size=&#8221;28px&#8221; _builder_version=&#8221;4.6.3&#8243; _module_preset=&#8221;default&#8221; locked=&#8221;off&#8221;][et_pb_social_media_follow_network social_network=&#8221;facebook&#8221; url=&#8221;http:\/\/www.Facebook.com\/barbaraperezlaw&#8221; _builder_version=&#8221;4.6.3&#8243; _module_preset=&#8221;default&#8221; background_color=&#8221;#3b5998&#8243; follow_button=&#8221;off&#8221; url_new_window=&#8221;on&#8221;]facebook[\/et_pb_social_media_follow_network][et_pb_social_media_follow_network social_network=&#8221;instagram&#8221; url=&#8221;https:\/\/www.instagram.com\/abogadabarbaraperez\/&#8221; _builder_version=&#8221;4.6.3&#8243; _module_preset=&#8221;default&#8221; background_color=&#8221;#ea2c59&#8243; follow_button=&#8221;off&#8221; url_new_window=&#8221;on&#8221;]instagram[\/et_pb_social_media_follow_network][et_pb_social_media_follow_network social_network=&#8221;linkedin&#8221; url=&#8221;https:\/\/www.linkedin.com\/in\/barbara-perez-esq-2389b743?trk=public_post_follow-view-profile&#8221; _builder_version=&#8221;4.6.3&#8243; _module_preset=&#8221;default&#8221; background_color=&#8221;#007bb6&#8243; follow_button=&#8221;off&#8221; url_new_window=&#8221;on&#8221;]linkedin[\/et_pb_social_media_follow_network][et_pb_social_media_follow_network social_network=&#8221;youtube&#8221; url=&#8221;https:\/\/www.youtube.com\/channel\/UCwmUrbtuayKG7iiYJ-8F0cA&#8221; _builder_version=&#8221;4.6.3&#8243; _module_preset=&#8221;default&#8221; background_color=&#8221;#a82400&#8243; follow_button=&#8221;off&#8221; url_new_window=&#8221;on&#8221;]youtube[\/et_pb_social_media_follow_network][\/et_pb_social_media_follow][\/et_pb_column][\/et_pb_row][\/et_pb_section]<\/p>","protected":false},"excerpt":{"rendered":"<p>[et_pb_section fb_built=&#8221;1&#8243; custom_padding_last_edited=&#8221;on|phone&#8221; _builder_version=&#8221;4.6.3&#8243; _module_preset=&#8221;default&#8221; background_image=&#8221;https:\/\/barbaraperezlaw.com\/wp-content\/uploads\/2020\/09\/main2.jpg&#8221; custom_margin=&#8221;||||false|false&#8221; custom_padding=&#8221;68px||86px||false|false&#8221; custom_padding_tablet=&#8221;&#8221; custom_padding_phone=&#8221;&#8221;][et_pb_row _builder_version=&#8221;4.6.3&#8243; _module_preset=&#8221;default&#8221;][et_pb_column type=&#8221;4_4&#8243; _builder_version=&#8221;4.6.3&#8243; _module_preset=&#8221;default&#8221;][et_pb_text _builder_version=&#8221;4.6.3&#8243; _module_preset=&#8221;default&#8221; header_font=&#8221;Cormorant Garamond||||||||&#8221; header_text_color=&#8221;#ffffff&#8221; header_font_size=&#8221;92px&#8221; header_2_font=&#8221;Cormorant Garamond||||||||&#8221; header_2_text_color=&#8221;#ffffff&#8221; header_2_font_size=&#8221;150px&#8221; header_3_font=&#8221;Open Sans||||||||&#8221; header_3_text_color=&#8221;#bcbcbc&#8221; header_3_font_size=&#8221;23px&#8221; header_3_letter_spacing=&#8221;11px&#8221; header_3_line_height=&#8221;1.5em&#8221; custom_margin=&#8221;24px||||false|false&#8221; animation_style=&#8221;fold&#8221; animation_speed_curve=&#8221;ease-out&#8221; header_font_size_tablet=&#8221;71px&#8221; header_font_size_phone=&#8221;39px&#8221; header_font_size_last_edited=&#8221;on|phone&#8221; header_2_font_size_tablet=&#8221;131px&#8221; header_2_font_size_phone=&#8221;83px&#8221; header_2_font_size_last_edited=&#8221;on|tablet&#8221; header_3_font_size_tablet=&#8221;20px&#8221; header_3_font_size_phone=&#8221;&#8221; header_3_font_size_last_edited=&#8221;on|phone&#8221; header_3_letter_spacing_tablet=&#8221;6px&#8221; header_3_letter_spacing_phone=&#8221;6px&#8221; header_3_letter_spacing_last_edited=&#8221;on|desktop&#8221;] Immigration strategy for complex and sensitive cases We focus [&hellip;]<\/p>","protected":false},"author":1,"featured_media":0,"parent":0,"menu_order":0,"comment_status":"closed","ping_status":"closed","template":"","meta":{"_et_pb_use_builder":"on","_et_pb_old_content":"","_et_gb_content_width":"","footnotes":""},"class_list":["post-17","page","type-page","status-publish","hentry"],"jetpack_sharing_enabled":true,"_links":{"self":[{"href":"https:\/\/barbaraperezlaw.com\/es\/wp-json\/wp\/v2\/pages\/17","targetHints":{"allow":["GET"]}}],"collection":[{"href":"https:\/\/barbaraperezlaw.com\/es\/wp-json\/wp\/v2\/pages"}],"about":[{"href":"https:\/\/barbaraperezlaw.com\/es\/wp-json\/wp\/v2\/types\/page"}],"author":[{"embeddable":true,"href":"https:\/\/barbaraperezlaw.com\/es\/wp-json\/wp\/v2\/users\/1"}],"replies":[{"embeddable":true,"href":"https:\/\/barbaraperezlaw.com\/es\/wp-json\/wp\/v2\/comments?post=17"}],"version-history":[{"count":52,"href":"https:\/\/barbaraperezlaw.com\/es\/wp-json\/wp\/v2\/pages\/17\/revisions"}],"predecessor-version":[{"id":972,"href":"https:\/\/barbaraperezlaw.com\/es\/wp-json\/wp\/v2\/pages\/17\/revisions\/972"}],"wp:attachment":[{"href":"https:\/\/barbaraperezlaw.com\/es\/wp-json\/wp\/v2\/media?parent=17"}],"curies":[{"name":"wp","href":"https:\/\/api.w.org\/{rel}","templated":true}]}}