{"id":333,"date":"2020-09-26T10:02:46","date_gmt":"2020-09-26T10:02:46","guid":{"rendered":"https:\/\/barbaraperezlaw.com\/?page_id=333"},"modified":"2023-09-09T20:12:19","modified_gmt":"2023-09-09T20:12:19","slug":"humanitarian-visas","status":"publish","type":"page","link":"https:\/\/barbaraperezlaw.com\/es\/humanitarian-visas\/","title":{"rendered":"Visas Humanitarias"},"content":{"rendered":"<p>[et_pb_section fb_built=&#8221;1&#8243; admin_label=&#8221;Header&#8221; _builder_version=&#8221;4.7.4&#8243; use_background_color_gradient=&#8221;on&#8221; background_color_gradient_start=&#8221;rgba(0,0,0,0.95)&#8221; background_color_gradient_end=&#8221;rgba(0,0,0,0)&#8221; background_color_gradient_direction=&#8221;90deg&#8221; background_color_gradient_overlays_image=&#8221;on&#8221; background_image=&#8221;https:\/\/barbaraperezlaw.com\/wp-content\/uploads\/2020\/09\/scott-graham-5fNmWej4tAA-unsplash.jpg.png&#8221; custom_margin_phone=&#8221;||||false|false&#8221; custom_margin_last_edited=&#8221;off|phone&#8221; custom_padding=&#8221;0px||0vw||false|false&#8221; locked=&#8221;off&#8221;][et_pb_row custom_padding_last_edited=&#8221;on|phone&#8221; _builder_version=&#8221;4.7.4&#8243; max_width=&#8221;1180px&#8221; custom_margin=&#8221;100px|auto|0px|auto|false|false&#8221; custom_margin_tablet=&#8221;&#8221; custom_margin_phone=&#8221;100px||0px||false|false&#8221; custom_margin_last_edited=&#8221;on|phone&#8221; custom_padding=&#8221;0px|50px|0px|50px|false|true&#8221; custom_padding_tablet=&#8221;0px||||false|true&#8221; custom_padding_phone=&#8221;0px|0px|0px|0px|false|false&#8221; border_color_all=&#8221;#e94558&#8243; border_width_left=&#8221;2px&#8221; border_color_left=&#8221;#ffffff&#8221; locked=&#8221;off&#8221;][et_pb_column type=&#8221;4_4&#8243; _builder_version=&#8221;4.0.6&#8243;][et_pb_text _builder_version=&#8221;4.6.3&#8243; text_font=&#8221;Open Sans||||||||&#8221; text_font_size=&#8221;16px&#8221; header_font=&#8221;Cormorant Garamond||||||||&#8221; header_text_color=&#8221;#ffffff&#8221; header_font_size=&#8221;150px&#8221; header_2_font=&#8221;Cormorant Garamond||||||||&#8221; header_2_text_color=&#8221;#ffffff&#8221; header_2_font_size=&#8221;150px&#8221; header_3_font=&#8221;Open Sans||||||||&#8221; header_3_text_color=&#8221;#bcbcbc&#8221; header_3_font_size=&#8221;23px&#8221; header_3_letter_spacing=&#8221;5px&#8221; header_3_line_height=&#8221;1.8em&#8221; background_layout=&#8221;dark&#8221; header_font_size_tablet=&#8221;71px&#8221; header_font_size_phone=&#8221;54px&#8221; header_font_size_last_edited=&#8221;on|phone&#8221; header_2_font_size_tablet=&#8221;131px&#8221; header_2_font_size_phone=&#8221;83px&#8221; header_2_font_size_last_edited=&#8221;on|tablet&#8221; header_3_font_size_tablet=&#8221;20px&#8221; header_3_font_size_phone=&#8221;&#8221; header_3_font_size_last_edited=&#8221;on|phone&#8221; header_3_letter_spacing_tablet=&#8221;6px&#8221; header_3_letter_spacing_phone=&#8221;3px&#8221; header_3_letter_spacing_last_edited=&#8221;on|desktop&#8221;]<\/p>\n<h1>Servicios<\/h1>\n<p>[\/et_pb_text][\/et_pb_column][\/et_pb_row][et_pb_row column_structure=&#8221;1_2,1_2&#8243; use_custom_gutter=&#8221;on&#8221; gutter_width=&#8221;1&#8243; make_equal=&#8221;on&#8221; _builder_version=&#8221;4.7.4&#8243; width=&#8221;100%&#8221; width_tablet=&#8221;&#8221; width_phone=&#8221;&#8221; width_last_edited=&#8221;on|tablet&#8221; custom_margin=&#8221;-7px|auto||auto|false|false&#8221; custom_padding=&#8221;0px||0px|||&#8221; hover_enabled=&#8221;0&#8243; sticky_enabled=&#8221;0&#8243;][et_pb_column type=&#8221;1_2&#8243; _builder_version=&#8221;4.0.10&#8243; custom_padding=&#8221;40px|40px|40px|40px|true|true&#8221; custom_padding_tablet=&#8221;0px|0px|0px|0px|true|true&#8221; custom_padding_phone=&#8221;||||false|false&#8221; custom_padding_last_edited=&#8221;on|phone&#8221;][\/et_pb_column][et_pb_column type=&#8221;1_2&#8243; _builder_version=&#8221;4.7.4&#8243; background_color=&#8221;#ffffff&#8221; background_image=&#8221;https:\/\/barbaraperezlaw.com\/wp-content\/uploads\/2020\/12\/pexels-ekaterina-bolovtsova-6077447.jpg&#8221; custom_padding=&#8221;200px|60px|200px|60px|true|true&#8221; custom_padding_tablet=&#8221;200px|0px|200px|0px|true|true&#8221; custom_padding_phone=&#8221;100px|0px|100px|0px|true|true&#8221; custom_padding_last_edited=&#8221;on|phone&#8221; hover_enabled=&#8221;0&#8243; sticky_enabled=&#8221;0&#8243; title_text=&#8221;pexels-ekaterina-bolovtsova-6077447&#8243;][\/et_pb_column][\/et_pb_row][\/et_pb_section][et_pb_section fb_built=&#8221;1&#8243; admin_label=&#8221;Beers&#8221; _builder_version=&#8221;4.0.10&#8243; background_color=&#8221;#efefef&#8221; background_enable_image=&#8221;off&#8221; custom_padding=&#8221;||120px||false|false&#8221;][et_pb_row custom_padding_last_edited=&#8221;on|phone&#8221; _builder_version=&#8221;4.0.10&#8243; background_color=&#8221;#ffffff&#8221; custom_padding=&#8221;80px|80px|80px|80px|true|true&#8221; custom_padding_tablet=&#8221;|30px||30px|true|true&#8221; custom_padding_phone=&#8221;20px|20px|20px|20px|true|true&#8221;][et_pb_column type=&#8221;4_4&#8243; _builder_version=&#8221;4.0.10&#8243;][et_pb_text _builder_version=&#8221;4.6.3&#8243; text_font=&#8221;|600|||||||&#8221; text_line_height=&#8221;1.8em&#8221; header_2_font=&#8221;Cormorant Garamond|500|||||||&#8221; header_2_text_color=&#8221;#030303&#8243; header_2_font_size=&#8221;70px&#8221; header_3_font=&#8221;Open Sans||||||||&#8221; header_3_text_color=&#8221;#030303&#8243; header_3_font_size=&#8221;23px&#8221; header_3_letter_spacing=&#8221;11px&#8221; header_4_font=&#8221;Merriweather||||||||&#8221; header_4_text_color=&#8221;#e94558&#8243; header_4_line_height=&#8221;1.4em&#8221; header_2_font_size_tablet=&#8221;60px&#8221; header_2_font_size_phone=&#8221;35px&#8221; header_2_font_size_last_edited=&#8221;on|desktop&#8221; header_3_font_size_tablet=&#8221;20px&#8221; header_3_font_size_phone=&#8221;&#8221; header_3_font_size_last_edited=&#8221;on|phone&#8221; header_3_letter_spacing_tablet=&#8221;6px&#8221; header_3_letter_spacing_phone=&#8221;&#8221; header_3_letter_spacing_last_edited=&#8221;on|tablet&#8221; header_4_font_size_tablet=&#8221;20px&#8221; header_4_font_size_phone=&#8221;14px&#8221; header_4_font_size_last_edited=&#8221;on|phone&#8221; locked=&#8221;off&#8221;]<\/p>\n<h2>Visas Humanitarias<\/h2>\n<p>[\/et_pb_text][et_pb_text ul_position=&#8221;inside&#8221; ul_item_indent=&#8221;30px&#8221; _builder_version=&#8221;4.6.3&#8243; _module_preset=&#8221;default&#8221;]<\/p>\n<p>USCIS ayuda a proteger a las v\u00edctimas de la trata de personas y otros cr\u00edmenes proporcionando alivio migratorio. La trata de personas, llamada tambi\u00e9n tr\u00e1fico personas, es una forma de esclavitud moderna en la que los traficantes atraen a las personas con falsas promesas de empleo y de una vida mejor.<br \/> Las personas y sus familias tambi\u00e9n pueden ser v\u00edctimas de muchos otros tipos de cr\u00edmenes en Estados Unidos. Estos cr\u00edmenes incluyen violaciones, asesinatos, homicidios, violencia dom\u00e9stica, agresi\u00f3n sexual, y muchos otros cr\u00edmenes.<br \/> Hay dos tipos de alivio migratorio que proporcionamos para las v\u00edctimas de trata de personas y otros cr\u00edmenes:<\/p>\n<p>&nbsp;<\/p>\n<ul>\n<li>Visa U \/ V\u00edctimas de cr\u00edmenes violentos<\/li>\n<li>Visa T \/ V\u00edctimas de tr\u00e1fico humano (explotaci\u00f3n laboral y sexual)<\/li>\n<\/ul>\n<ul><\/ul>\n<p>[\/et_pb_text][et_pb_button button_url=&#8221;@ET-DC@eyJkeW5hbWljIjp0cnVlLCJjb250ZW50IjoicG9zdF9saW5rX3VybF9wYWdlIiwic2V0dGluZ3MiOnsicG9zdF9pZCI6IjIyNCJ9fQ==@&#8221; button_text=&#8221;Back To Services&#8221; button_alignment=&#8221;center&#8221; _builder_version=&#8221;4.6.3&#8243; _dynamic_attributes=&#8221;button_url&#8221; _module_preset=&#8221;default&#8221; custom_button=&#8221;on&#8221; button_text_color=&#8221;#ffffff&#8221; button_bg_color=&#8221;#030303&#8243; button_border_width=&#8221;0px&#8221; button_border_radius=&#8221;0px&#8221; button_font=&#8221;Open Sans||||||||&#8221; button_icon=&#8221;%%19%%&#8221; button_icon_placement=&#8221;left&#8221; custom_padding=&#8221;10px|40px|10px|40px|false|false&#8221; animation_style=&#8221;fade&#8221; locked=&#8221;off&#8221; button_bg_color__hover_enabled=&#8221;on|desktop&#8221; button_bg_color__hover=&#8221;#ffffff&#8221; button_bg_enable_color__hover=&#8221;on&#8221; button_text_color__hover_enabled=&#8221;on|desktop&#8221; button_text_color__hover=&#8221;#030303&#8243;][\/et_pb_button][\/et_pb_column][\/et_pb_row][\/et_pb_section]<\/p>","protected":false},"excerpt":{"rendered":"<p>[et_pb_section fb_built=&#8221;1&#8243; admin_label=&#8221;Header&#8221; _builder_version=&#8221;4.7.4&#8243; use_background_color_gradient=&#8221;on&#8221; background_color_gradient_start=&#8221;rgba(0,0,0,0.95)&#8221; background_color_gradient_end=&#8221;rgba(0,0,0,0)&#8221; background_color_gradient_direction=&#8221;90deg&#8221; background_color_gradient_overlays_image=&#8221;on&#8221; background_image=&#8221;https:\/\/barbaraperezlaw.com\/wp-content\/uploads\/2020\/09\/scott-graham-5fNmWej4tAA-unsplash.jpg.png&#8221; custom_margin_phone=&#8221;||||false|false&#8221; custom_margin_last_edited=&#8221;off|phone&#8221; custom_padding=&#8221;0px||0vw||false|false&#8221; locked=&#8221;off&#8221;][et_pb_row custom_padding_last_edited=&#8221;on|phone&#8221; _builder_version=&#8221;4.7.4&#8243; max_width=&#8221;1180px&#8221; custom_margin=&#8221;100px|auto|0px|auto|false|false&#8221; custom_margin_tablet=&#8221;&#8221; custom_margin_phone=&#8221;100px||0px||false|false&#8221; custom_margin_last_edited=&#8221;on|phone&#8221; custom_padding=&#8221;0px|50px|0px|50px|false|true&#8221; custom_padding_tablet=&#8221;0px||||false|true&#8221; custom_padding_phone=&#8221;0px|0px|0px|0px|false|false&#8221; border_color_all=&#8221;#e94558&#8243; border_width_left=&#8221;2px&#8221; border_color_left=&#8221;#ffffff&#8221; locked=&#8221;off&#8221;][et_pb_column type=&#8221;4_4&#8243; _builder_version=&#8221;4.0.6&#8243;][et_pb_text _builder_version=&#8221;4.6.3&#8243; text_font=&#8221;Open Sans||||||||&#8221; text_font_size=&#8221;16px&#8221; header_font=&#8221;Cormorant Garamond||||||||&#8221; header_text_color=&#8221;#ffffff&#8221; header_font_size=&#8221;150px&#8221; header_2_font=&#8221;Cormorant Garamond||||||||&#8221; header_2_text_color=&#8221;#ffffff&#8221; header_2_font_size=&#8221;150px&#8221; header_3_font=&#8221;Open Sans||||||||&#8221; header_3_text_color=&#8221;#bcbcbc&#8221; header_3_font_size=&#8221;23px&#8221; header_3_letter_spacing=&#8221;5px&#8221; header_3_line_height=&#8221;1.8em&#8221; background_layout=&#8221;dark&#8221; header_font_size_tablet=&#8221;71px&#8221; header_font_size_phone=&#8221;54px&#8221; header_font_size_last_edited=&#8221;on|phone&#8221; header_2_font_size_tablet=&#8221;131px&#8221; header_2_font_size_phone=&#8221;83px&#8221; header_2_font_size_last_edited=&#8221;on|tablet&#8221; [&hellip;]<\/p>","protected":false},"author":1,"featured_media":0,"parent":0,"menu_order":0,"comment_status":"closed","ping_status":"closed","template":"","meta":{"_et_pb_use_builder":"on","_et_pb_old_content":"","_et_gb_content_width":"","footnotes":""},"class_list":["post-333","page","type-page","status-publish","hentry"],"jetpack_sharing_enabled":true,"_links":{"self":[{"href":"https:\/\/barbaraperezlaw.com\/es\/wp-json\/wp\/v2\/pages\/333","targetHints":{"allow":["GET"]}}],"collection":[{"href":"https:\/\/barbaraperezlaw.com\/es\/wp-json\/wp\/v2\/pages"}],"about":[{"href":"https:\/\/barbaraperezlaw.com\/es\/wp-json\/wp\/v2\/types\/page"}],"author":[{"embeddable":true,"href":"https:\/\/barbaraperezlaw.com\/es\/wp-json\/wp\/v2\/users\/1"}],"replies":[{"embeddable":true,"href":"https:\/\/barbaraperezlaw.com\/es\/wp-json\/wp\/v2\/comments?post=333"}],"version-history":[{"count":5,"href":"https:\/\/barbaraperezlaw.com\/es\/wp-json\/wp\/v2\/pages\/333\/revisions"}],"predecessor-version":[{"id":716,"href":"https:\/\/barbaraperezlaw.com\/es\/wp-json\/wp\/v2\/pages\/333\/revisions\/716"}],"wp:attachment":[{"href":"https:\/\/barbaraperezlaw.com\/es\/wp-json\/wp\/v2\/media?parent=333"}],"curies":[{"name":"wp","href":"https:\/\/api.w.org\/{rel}","templated":true}]}}