{"id":723,"date":"2025-02-08T06:17:05","date_gmt":"2025-02-08T06:17:05","guid":{"rendered":"https:\/\/barbaraperezlaw.com\/?page_id=723"},"modified":"2025-04-03T13:34:08","modified_gmt":"2025-04-03T13:34:08","slug":"privacy-policy","status":"publish","type":"page","link":"https:\/\/barbaraperezlaw.com\/es\/privacy-policy\/","title":{"rendered":"Pol\u00edtica de privacidad"},"content":{"rendered":"<p>[et_pb_section fb_built=&#8221;1&#8243; admin_label=&#8221;Header&#8221; _builder_version=&#8221;4.7.4&#8243; use_background_color_gradient=&#8221;on&#8221; background_color_gradient_start=&#8221;rgba(0,0,0,0.95)&#8221; background_color_gradient_end=&#8221;rgba(0,0,0,0)&#8221; background_color_gradient_direction=&#8221;90deg&#8221; background_color_gradient_overlays_image=&#8221;on&#8221; background_image=&#8221;https:\/\/barbaraperezlaw.com\/wp-content\/uploads\/2020\/09\/scott-graham-5fNmWej4tAA-unsplash.jpg.png&#8221; custom_margin_phone=&#8221;||||false|false&#8221; custom_margin_last_edited=&#8221;off|phone&#8221; custom_padding=&#8221;0px||4vw||false|false&#8221; locked=&#8221;off&#8221;][et_pb_row custom_padding_last_edited=&#8221;on|phone&#8221; _builder_version=&#8221;4.7.4&#8243; max_width=&#8221;1180px&#8221; custom_margin=&#8221;100px|auto|0px|auto|false|false&#8221; custom_margin_tablet=&#8221;&#8221; custom_margin_phone=&#8221;100px||0px||false|false&#8221; custom_margin_last_edited=&#8221;on|phone&#8221; custom_padding=&#8221;0px|50px|0px|50px|false|true&#8221; custom_padding_tablet=&#8221;0px||||false|true&#8221; custom_padding_phone=&#8221;0px|0px|0px|0px|false|false&#8221; border_color_all=&#8221;#e94558&#8243; border_width_left=&#8221;2px&#8221; border_color_left=&#8221;#ffffff&#8221; locked=&#8221;off&#8221;][et_pb_column type=&#8221;4_4&#8243; _builder_version=&#8221;4.0.6&#8243;][et_pb_text _builder_version=&#8221;4.6.3&#8243; text_font=&#8221;Open Sans||||||||&#8221; text_font_size=&#8221;16px&#8221; header_font=&#8221;Cormorant Garamond||||||||&#8221; header_text_color=&#8221;#ffffff&#8221; header_font_size=&#8221;150px&#8221; header_2_font=&#8221;Cormorant Garamond||||||||&#8221; header_2_text_color=&#8221;#ffffff&#8221; header_2_font_size=&#8221;150px&#8221; header_3_font=&#8221;Open Sans||||||||&#8221; header_3_text_color=&#8221;#bcbcbc&#8221; header_3_font_size=&#8221;23px&#8221; header_3_letter_spacing=&#8221;5px&#8221; header_3_line_height=&#8221;1.8em&#8221; background_layout=&#8221;dark&#8221; header_font_size_tablet=&#8221;71px&#8221; header_font_size_phone=&#8221;54px&#8221; header_font_size_last_edited=&#8221;on|phone&#8221; header_2_font_size_tablet=&#8221;131px&#8221; header_2_font_size_phone=&#8221;83px&#8221; header_2_font_size_last_edited=&#8221;on|tablet&#8221; header_3_font_size_tablet=&#8221;20px&#8221; header_3_font_size_phone=&#8221;&#8221; header_3_font_size_last_edited=&#8221;on|phone&#8221; header_3_letter_spacing_tablet=&#8221;6px&#8221; header_3_letter_spacing_phone=&#8221;3px&#8221; header_3_letter_spacing_last_edited=&#8221;on|desktop&#8221;]<\/p>\n<h1>Pol\u00edtica de privacidad<\/h1>\n<p>[\/et_pb_text][\/et_pb_column][\/et_pb_row][\/et_pb_section][et_pb_section fb_built=&#8221;1&#8243; admin_label=&#8221;Beers&#8221; _builder_version=&#8221;4.0.10&#8243; background_color=&#8221;#efefef&#8221; background_enable_image=&#8221;off&#8221; custom_padding=&#8221;||120px||false|false&#8221; locked=&#8221;off&#8221;][et_pb_row custom_padding_last_edited=&#8221;on|phone&#8221; _builder_version=&#8221;4.7.4&#8243; background_color=&#8221;#ffffff&#8221; custom_padding=&#8221;80px|80px|80px|80px|true|true&#8221; custom_padding_tablet=&#8221;|30px||30px|true|true&#8221; custom_padding_phone=&#8221;20px|20px|20px|20px|true|true&#8221;][et_pb_column type=&#8221;4_4&#8243; _builder_version=&#8221;4.0.10&#8243;][et_pb_text ul_position=&#8221;inside&#8221; ul_item_indent=&#8221;30px&#8221; _builder_version=&#8221;4.7.4&#8243; _module_preset=&#8221;default&#8221;]We understand the importance of your privacy and strive to take all reasonable efforts to be transparent about what information we collect about you and to safeguard that information against intrusion or misuse. Except as required by a court or other lawful order, we will never re-distribute or sell personal information collected on our web servers.<\/p>\n<p>Esta pol\u00edtica de privacidad detalla las formas en que recopilamos informaci\u00f3n sobre usted, qu\u00e9 informaci\u00f3n recopilamos y qu\u00e9 hacemos con esa informaci\u00f3n. Siempre puede visitar esta p\u00e1gina para obtener la versi\u00f3n m\u00e1s actualizada de esta pol\u00edtica de privacidad.<\/p>\n<p><strong>Recopilaci\u00f3n y uso de la informaci\u00f3n<\/strong><\/p>\n<p>Recopilamos dos tipos de informaci\u00f3n de nuestros visitantes: informaci\u00f3n an\u00f3nima e informaci\u00f3n personal.<\/p>\n<p><strong>Informaci\u00f3n an\u00f3nima<\/strong><\/p>\n<p>No tiene que proporcionar ninguna informaci\u00f3n personal para utilizar muchas de las funciones de este sitio web. Sin embargo, su navegador web o aplicaci\u00f3n puede proporcionar autom\u00e1ticamente cierta informaci\u00f3n sobre usted (\"informaci\u00f3n an\u00f3nima\"), como su direcci\u00f3n IP, que puede incluir su ubicaci\u00f3n geogr\u00e1fica; detalles sobre el software del navegador, el sistema operativo y el dispositivo; fechas y horas de acceso; y URL de referencia y salida.<\/p>\n<p>Utilizamos esta informaci\u00f3n, tanto individualmente como en conjunto, para ayudarnos a comprender c\u00f3mo los visitantes utilizan nuestro sitio y para mejorar nuestro contenido y su experiencia al visitar nuestro sitio. Podemos retener este tipo de informaci\u00f3n indefinidamente o en la medida en que lo permita la ley.<\/p>\n<p><strong>Informaci\u00f3n personal<\/strong><\/p>\n<p class=\" translation-block\">Nuestro sitio web contiene ciertas funciones, como formularios de contacto, en los que tiene la opci\u00f3n de proporcionar informaci\u00f3n afirmativa sobre usted (\"informaci\u00f3n personal\"). Es posible que se le pida que proporcione informaci\u00f3n personal, incluido su nombre, direcci\u00f3n, direcci\u00f3n de correo electr\u00f3nico y n\u00famero(s) de tel\u00e9fono. Usted no tiene ninguna obligaci\u00f3n de utilizar estas funciones de nuestro sitio web. Si decide proporcionarnos informaci\u00f3n personal mediante el env\u00edo de un formulario de contacto en este sitio web, podemos utilizar esa informaci\u00f3n para ponernos en contacto con usted y mejorar las comunicaciones posteriores con usted, si las hubiera. Tambi\u00e9n podemos usar su informaci\u00f3n personal enviada voluntariamente para mantenerlo informado de las noticias y eventos del bufete de abogados, pero solo si se le brinda la oportunidad de optar por no participar en ese tipo de uso (consulte la  secci\u00f3n Eliminaci\u00f3n de informaci\u00f3n y exclusi\u00f3n, a continuaci\u00f3n). Solicitaremos su consentimiento afirmativo antes de utilizar su informaci\u00f3n personal para cualquier prop\u00f3sito distinto de los descritos en esta pol\u00edtica.<\/p>\n<p>La informaci\u00f3n transmitida en Internet, incluso a trav\u00e9s de los formularios de contacto de nuestro sitio web, no es segura y no debe considerarse confidencial. El env\u00edo de un formulario en nuestro sitio web no constituye una comunicaci\u00f3n abogado-cliente y no crea una relaci\u00f3n abogado-cliente.<\/p>\n<p>Nuestro sitio web tambi\u00e9n puede proporcionar una funci\u00f3n de \"Chat en vivo\" de terceros, con la que puede optar por proporcionar informaci\u00f3n personal a la empresa. La informaci\u00f3n proporcionada en la funci\u00f3n de Chat en Vivo no es confidencial, y su uso del Chat en Vivo no constituye una comunicaci\u00f3n abogado-cliente y no crea una relaci\u00f3n abogado-cliente. Si decide proporcionarnos informaci\u00f3n personal mediante la funci\u00f3n de chat en vivo, podemos utilizar esa informaci\u00f3n para ponernos en contacto con usted y mejorar las comunicaciones posteriores con usted, si las hubiera.<\/p>\n<p>El proveedor de chat en vivo de terceros tiene su propia pol\u00edtica de privacidad, que le recomendamos que revise. No somos responsables de las pol\u00edticas de privacidad de terceros, incluido el proveedor de chat en vivo.<\/p>\n<p><strong>No divulgue informaci\u00f3n confidencial, incluida cualquier informaci\u00f3n que pueda exponerlo a responsabilidad civil o penal, a trav\u00e9s de formularios de contacto o chat en vivo en este sitio web.<\/strong><\/p>\n<p>Podemos retener la informaci\u00f3n recopilada de los formularios de contacto y el chat en vivo de forma indefinida, o en la medida en que lo permita la ley.<\/p>\n<p><strong>Uso de cookies<\/strong><\/p>\n<p>Utilizamos \"cookies\" (peque\u00f1os archivos de datos) para mejorar la funcionalidad de nuestro sitio web y la experiencia de nuestros visitantes. Estas cookies no le identifican personalmente ni nos dan acceso a su ordenador. Puede deshabilitar las cookies en la configuraci\u00f3n de su navegador o aplicaci\u00f3n, pero hacerlo puede resultar en una reducci\u00f3n de la funcionalidad del sitio web. Al visitar nuestro sitio web y no deshabilitar las cookies, usted acepta nuestro uso de cookies para los fines descritos en esta pol\u00edtica.<\/p>\n<p>Utilizamos un proveedor de an\u00e1lisis de terceros (Google Analytics) para ayudarnos a comprender c\u00f3mo los visitantes utilizan nuestro sitio. Google Analytics utiliza cookies para recopilar informaci\u00f3n sobre nuestros visitantes, pero no recibe informaci\u00f3n de identificaci\u00f3n personal a trav\u00e9s de estas cookies y tiene prohibido combinar, hacer coincidir o hacer referencias cruzadas de la informaci\u00f3n de nuestro sitio con cualquier otra informaci\u00f3n. Puede revisar la pol\u00edtica de privacidad de Google Analytics para obtener informaci\u00f3n adicional.\u00a0<a href=\"https:\/\/support.google.com\/analytics\/answer\/6004245?hl=en\"><strong>Google Analytics privacy policy<\/strong><\/a>\u00a0for additional information.<\/p>\n<p>Nuestro sitio web tambi\u00e9n puede utilizar el servicio de \"remarketing\" de Google AdWords para publicar publicidad en sitios web de terceros (incluido Google) a visitantes anteriores de nuestro sitio. Este servicio tambi\u00e9n utiliza cookies, y cualquier informaci\u00f3n recopilada estar\u00e1 de acuerdo con esta pol\u00edtica de privacidad y la pol\u00edtica de privacidad de Google\u00a0<a href=\"https:\/\/policies.google.com\/technologies\/ads\"><strong>Google\u2019s privacy policy<\/strong><\/a>.<\/p>\n<p><strong>Distribuci\u00f3n de la informaci\u00f3n recopilada<\/strong><\/p>\n<p>No divulgaremos, sin su consentimiento, la informaci\u00f3n personal recopilada sobre usted, a menos que la ley nos exija hacerlo. En ciertas circunstancias limitadas, y en cumplimiento de las leyes aplicables, podemos compartir informaci\u00f3n personal con autoridades gubernamentales u otros seg\u00fan sea necesario para proteger a la empresa o a ciertos terceros; o seg\u00fan sea necesario para el cumplimiento de la ley aplicable o el proceso legal. No distribuiremos ni venderemos informaci\u00f3n personal a organizaciones de terceros.<\/p>\n<p><strong>Solicitudes de no seguimiento<\/strong><\/p>\n<p>No respondemos ni tomamos ninguna medida con respecto a las solicitudes de \"No rastrear\".<\/p>\n<p><strong>Terceros y enlaces externos<\/strong><\/p>\n<p>Algunas p\u00e1ginas de nuestro sitio web pueden contener hiperv\u00ednculos a sitios web de terceros. No asumimos ninguna responsabilidad por el contenido o los sitios web de terceros, ni por la informaci\u00f3n que divulgue a terceros al visitar sus sitios web.<\/p>\n<p><strong>Eliminaci\u00f3n de informaci\u00f3n y exclusi\u00f3n voluntaria<\/strong><\/p>\n<p>Users seeking to opt out of receiving communications from the firm may reply to any message communication with the subject line STOP or CANCEL[\/et_pb_text][et_pb_text ul_position=&#8221;inside&#8221; ul_item_indent=&#8221;30px&#8221; _builder_version=&#8221;4.7.4&#8243; _module_preset=&#8221;default&#8221;]<\/p>\n<p><strong><span style=\"text-decoration: underline;\">Pol\u00edtica de privacidad y t\u00e9rminos y condiciones de mensajer\u00eda SMS<\/span><\/strong><\/p>\n<p>Fecha de entrada en vigor: 8 de febrero de 2025<\/p>\n<ol>\n<li><strong>Descripci\u00f3n general<\/strong><\/li>\n<\/ol>\n<p>Al suscribirse a los mensajes SMS de The Law Offices of Barbara Perez, PLLC, usted acepta recibir mensajes informativos relacionados con sus asuntos legales, confirmaciones de citas y servicio b\u00e1sico de atenci\u00f3n al cliente. Los mensajes se env\u00edan solo cuando son necesarios y no de manera programada.<\/p>\n<ol start=\"2\">\n<li><strong>Frecuencia de mensajes<\/strong><\/li>\n<\/ol>\n<p>Se enviar\u00e1n mensajes seg\u00fan sea necesario, como para confirmar citas, proporcionar actualizaciones importantes relacionadas con su caso o consulta y ayudar con el servicio al cliente general.<\/p>\n<ol start=\"3\">\n<li><strong>Costos y cargos<\/strong><\/li>\n<\/ol>\n<p>Standard message and data rates may apply. Check with your mobile service provider for details about any charges related to SMS messaging.<\/p>\n<ol start=\"4\">\n<li><strong>Privacidad y seguridad de datos<\/strong><\/li>\n<\/ol>\n<p>Las Oficinas Legales de Barbara Perez, PLLC se comprometen a proteger su privacidad.<\/p>\n<p>\u2013 Sin intercambio no autorizado: no compartiremos su informaci\u00f3n m\u00f3vil con terceros con fines de marketing sin su consentimiento expl\u00edcito.<\/p>\n<p>\u2013 Medidas de seguridad de datos: Implementamos medidas de seguridad est\u00e1ndar de la industria para proteger su informaci\u00f3n personal. Esto incluye protocolos de cifrado, controles de acceso y programas de capacitaci\u00f3n peri\u00f3dica para empleados para evitar el acceso no autorizado o la divulgaci\u00f3n de datos de los usuarios.<\/p>\n<p>\u2013 Acceso limitado: S\u00f3lo el personal autorizado tiene acceso a su informaci\u00f3n y auditamos peri\u00f3dicamente nuestras pol\u00edticas de seguridad para garantizar el cumplimiento de los est\u00e1ndares de privacidad.<\/p>\n<ol start=\"5\">\n<li><strong>Opting In Out &amp; Unsubscribing<\/strong><\/li>\n<\/ol>\n<p>If you would like to receive text message communication, text START, to this phone number: <a href=\"tel:(407) 494-0412\">(407) 494-0412<\/a> from The Law Offices of Barbara Perez, PLLC. You will be optin-in to text messages.<\/p>\n<p>You can opt out of receiving SMS messages at any time by replying STOP or CANCEL to any message you receive from The Law Offices of Barbara Perez, PLLC. Once you send STOP, you will no longer receive further SMS messages unless you re-enroll.<\/p>\n<ol start=\"6\">\n<li><strong>Ayuda y soporte<\/strong><\/li>\n<\/ol>\n<p>Si necesita ayuda, responda AYUDA a cualquier mensaje o cont\u00e1ctenos a:<\/p>\n<p>\ud83d\udcde Tel\u00e9fono: (407) 494-0412<\/p>\n<p>\ud83d\udce7 Correo electr\u00f3nico: <a href=\"mailto:admin@bperezlaw.com\">admin@bperezlaw.com<\/a><\/p>\n<ol start=\"7\">\n<li><strong>Contacto para inquietudes sobre privacidad<\/strong><\/li>\n<\/ol>\n<p>Si tiene alguna inquietud relacionada con la privacidad o preguntas sobre c\u00f3mo manejamos su informaci\u00f3n, comun\u00edquese con nosotros:<\/p>\n<p>\ud83d\udcde Tel\u00e9fono: (407) 494-0412<\/p>\n<p>\ud83d\udce7 Correo electr\u00f3nico: <a href=\"mailto:admin@bperezlaw.com\">admin@bperezlaw.com<\/a><\/p>\n<ol start=\"8\">\n<li><strong>Cambios a estos t\u00e9rminos<\/strong><\/li>\n<\/ol>\n<p>El bufete de abogados de Barbara Perez, PLLC se reserva el derecho de modificar o actualizar estos T\u00e9rminos y condiciones de SMS en cualquier momento. Los cambios entrar\u00e1n en vigor al momento de su publicaci\u00f3n.<\/p>\n<p>*Non-Sharing Clause: We do not share your data with third parties for marketing purposes. (Your business name) will not sell, rent, or share the collected mobile numbers.<\/p>\n<p><strong>Data Sharing<\/strong><br \/><span>\u2022 Customer data is not shared with 3rd parties for promotional or marketing purposes.<\/span><br \/><span>\u2022 Mobile opt-in and consent are never shared with anyone for any purpose. Any information sharing that may be mentioned elsewhere in this policy excludes mobile opt-in data.<\/p>\n<p><\/span><span>&#8216;We will not transfer your personal data to any external organizations under any circumstances, even with your consent.&#8217;<\/span><\/p>\n<p><strong>Messaging Terms and Conditions<\/strong><br \/><span>\u2022 By providing your phone number and agreeing to receive texts, you consent to receive text messages from The Law Offices of Barbara Perez, PLLC, from 407-494-0412 regarding account notification, customer care. Consent is not a condition of purchase. Message frequency varies. Message &amp; data rates may apply. You can reply STOP to unsubscribe at any time or HELP for assistance. You can also contact us at 407-494-0412 or Barbara@bperezlaw.com. Mobile opt-in information is never shared with third parties.<\/span><\/p>\n<p>[\/et_pb_text][\/et_pb_column][\/et_pb_row][\/et_pb_section]<\/p>","protected":false},"excerpt":{"rendered":"<p>[et_pb_section fb_built=&#8221;1&#8243; admin_label=&#8221;Header&#8221; _builder_version=&#8221;4.7.4&#8243; use_background_color_gradient=&#8221;on&#8221; background_color_gradient_start=&#8221;rgba(0,0,0,0.95)&#8221; background_color_gradient_end=&#8221;rgba(0,0,0,0)&#8221; background_color_gradient_direction=&#8221;90deg&#8221; background_color_gradient_overlays_image=&#8221;on&#8221; background_image=&#8221;https:\/\/barbaraperezlaw.com\/wp-content\/uploads\/2020\/09\/scott-graham-5fNmWej4tAA-unsplash.jpg.png&#8221; custom_margin_phone=&#8221;||||false|false&#8221; custom_margin_last_edited=&#8221;off|phone&#8221; custom_padding=&#8221;0px||4vw||false|false&#8221; locked=&#8221;off&#8221;][et_pb_row custom_padding_last_edited=&#8221;on|phone&#8221; _builder_version=&#8221;4.7.4&#8243; max_width=&#8221;1180px&#8221; custom_margin=&#8221;100px|auto|0px|auto|false|false&#8221; custom_margin_tablet=&#8221;&#8221; custom_margin_phone=&#8221;100px||0px||false|false&#8221; custom_margin_last_edited=&#8221;on|phone&#8221; custom_padding=&#8221;0px|50px|0px|50px|false|true&#8221; custom_padding_tablet=&#8221;0px||||false|true&#8221; custom_padding_phone=&#8221;0px|0px|0px|0px|false|false&#8221; border_color_all=&#8221;#e94558&#8243; border_width_left=&#8221;2px&#8221; border_color_left=&#8221;#ffffff&#8221; locked=&#8221;off&#8221;][et_pb_column type=&#8221;4_4&#8243; _builder_version=&#8221;4.0.6&#8243;][et_pb_text _builder_version=&#8221;4.6.3&#8243; text_font=&#8221;Open Sans||||||||&#8221; text_font_size=&#8221;16px&#8221; header_font=&#8221;Cormorant Garamond||||||||&#8221; header_text_color=&#8221;#ffffff&#8221; header_font_size=&#8221;150px&#8221; header_2_font=&#8221;Cormorant Garamond||||||||&#8221; header_2_text_color=&#8221;#ffffff&#8221; header_2_font_size=&#8221;150px&#8221; header_3_font=&#8221;Open Sans||||||||&#8221; header_3_text_color=&#8221;#bcbcbc&#8221; header_3_font_size=&#8221;23px&#8221; header_3_letter_spacing=&#8221;5px&#8221; header_3_line_height=&#8221;1.8em&#8221; background_layout=&#8221;dark&#8221; header_font_size_tablet=&#8221;71px&#8221; header_font_size_phone=&#8221;54px&#8221; header_font_size_last_edited=&#8221;on|phone&#8221; header_2_font_size_tablet=&#8221;131px&#8221; header_2_font_size_phone=&#8221;83px&#8221; header_2_font_size_last_edited=&#8221;on|tablet&#8221; [&hellip;]<\/p>","protected":false},"author":1,"featured_media":0,"parent":0,"menu_order":0,"comment_status":"closed","ping_status":"closed","template":"","meta":{"_et_pb_use_builder":"on","_et_pb_old_content":"","_et_gb_content_width":"","footnotes":""},"class_list":["post-723","page","type-page","status-publish","hentry"],"jetpack_sharing_enabled":true,"_links":{"self":[{"href":"https:\/\/barbaraperezlaw.com\/es\/wp-json\/wp\/v2\/pages\/723","targetHints":{"allow":["GET"]}}],"collection":[{"href":"https:\/\/barbaraperezlaw.com\/es\/wp-json\/wp\/v2\/pages"}],"about":[{"href":"https:\/\/barbaraperezlaw.com\/es\/wp-json\/wp\/v2\/types\/page"}],"author":[{"embeddable":true,"href":"https:\/\/barbaraperezlaw.com\/es\/wp-json\/wp\/v2\/users\/1"}],"replies":[{"embeddable":true,"href":"https:\/\/barbaraperezlaw.com\/es\/wp-json\/wp\/v2\/comments?post=723"}],"version-history":[{"count":9,"href":"https:\/\/barbaraperezlaw.com\/es\/wp-json\/wp\/v2\/pages\/723\/revisions"}],"predecessor-version":[{"id":792,"href":"https:\/\/barbaraperezlaw.com\/es\/wp-json\/wp\/v2\/pages\/723\/revisions\/792"}],"wp:attachment":[{"href":"https:\/\/barbaraperezlaw.com\/es\/wp-json\/wp\/v2\/media?parent=723"}],"curies":[{"name":"wp","href":"https:\/\/api.w.org\/{rel}","templated":true}]}}