{"id":98,"date":"2020-09-25T03:11:50","date_gmt":"2020-09-25T03:11:50","guid":{"rendered":"https:\/\/barbaraperezlaw.com\/?page_id=98"},"modified":"2025-02-08T06:39:16","modified_gmt":"2025-02-08T06:39:16","slug":"about-us","status":"publish","type":"page","link":"https:\/\/barbaraperezlaw.com\/es\/about-us\/","title":{"rendered":"Acerca de"},"content":{"rendered":"<p>[et_pb_section fb_built=&#8221;1&#8243; admin_label=&#8221;Header&#8221; _builder_version=&#8221;4.7.4&#8243; use_background_color_gradient=&#8221;on&#8221; background_color_gradient_start=&#8221;rgba(0,0,0,0.95)&#8221; background_color_gradient_end=&#8221;rgba(0,0,0,0)&#8221; background_color_gradient_direction=&#8221;90deg&#8221; background_color_gradient_overlays_image=&#8221;on&#8221; background_image=&#8221;https:\/\/barbaraperezlaw.com\/wp-content\/uploads\/2020\/09\/tingey-injury-law-firm-DZpc4UY8ZtY-unsplash.png&#8221; custom_padding=&#8221;0px||0vw||false|false&#8221; locked=&#8221;off&#8221;][et_pb_row custom_padding_last_edited=&#8221;on|desktop&#8221; _builder_version=&#8221;4.7.4&#8243; max_width=&#8221;1180px&#8221; custom_margin=&#8221;150px||80px||false|false&#8221; custom_margin_tablet=&#8221;&#8221; custom_margin_phone=&#8221;&#8221; custom_margin_last_edited=&#8221;on|phone&#8221; custom_padding=&#8221;|50px|0px|50px|false|true&#8221; custom_padding_tablet=&#8221;0px||||false|true&#8221; custom_padding_phone=&#8221;0px||||false|false&#8221; border_color_all=&#8221;#e94558&#8243; border_width_left=&#8221;2px&#8221; border_color_left=&#8221;#ffffff&#8221;][et_pb_column type=&#8221;4_4&#8243; _builder_version=&#8221;4.0.6&#8243;][et_pb_text _builder_version=&#8221;4.7.4&#8243; text_font=&#8221;Open Sans||||||||&#8221; text_font_size=&#8221;16px&#8221; header_font=&#8221;Cormorant Garamond||||||||&#8221; header_text_color=&#8221;#ffffff&#8221; header_font_size=&#8221;150px&#8221; header_2_font=&#8221;Cormorant Garamond||||||||&#8221; header_2_text_color=&#8221;#ffffff&#8221; header_2_font_size=&#8221;150px&#8221; header_3_font=&#8221;Open Sans||||||||&#8221; header_3_text_color=&#8221;#bcbcbc&#8221; header_3_font_size=&#8221;23px&#8221; header_3_letter_spacing=&#8221;11px&#8221; header_3_line_height=&#8221;2.7em&#8221; background_layout=&#8221;dark&#8221; header_font_size_tablet=&#8221;71px&#8221; header_font_size_phone=&#8221;54px&#8221; header_font_size_last_edited=&#8221;on|phone&#8221; header_2_font_size_tablet=&#8221;131px&#8221; header_2_font_size_phone=&#8221;83px&#8221; header_2_font_size_last_edited=&#8221;on|tablet&#8221; header_3_font_size_tablet=&#8221;20px&#8221; header_3_font_size_phone=&#8221;&#8221; header_3_font_size_last_edited=&#8221;on|phone&#8221; header_3_letter_spacing_tablet=&#8221;6px&#8221; header_3_letter_spacing_phone=&#8221;6px&#8221; header_3_letter_spacing_last_edited=&#8221;on|phone&#8221; header_3_line_height_tablet=&#8221;&#8221; header_3_line_height_phone=&#8221;1.3em&#8221; header_3_line_height_last_edited=&#8221;on|phone&#8221;]<\/p>\n<h1>Acerca de<\/h1>\n<h3>Aprenda m\u00e1s acerca de nosotros<\/h3>\n<p>[\/et_pb_text][\/et_pb_column][\/et_pb_row][et_pb_row _builder_version=&#8221;4.0.10&#8243; custom_padding=&#8221;||26px|||&#8221;][et_pb_column type=&#8221;4_4&#8243; _builder_version=&#8221;4.0.10&#8243;][et_pb_text _builder_version=&#8221;4.6.3&#8243; header_3_font=&#8221;Merriweather||||||||&#8221; header_3_font_size=&#8221;24px&#8221; header_3_line_height=&#8221;1.8em&#8221; background_layout=&#8221;dark&#8221; custom_padding=&#8221;|50px||50px|false|false&#8221; custom_padding_tablet=&#8221;&#8221; custom_padding_phone=&#8221;&#8221; custom_padding_last_edited=&#8221;on|desktop&#8221; header_3_font_size_tablet=&#8221;20px&#8221; header_3_font_size_phone=&#8221;16px&#8221; header_3_font_size_last_edited=&#8221;on|phone&#8221; locked=&#8221;off&#8221;]<\/p>\n<h3 style=\"text-align: center;\"><\/h3>\n<p>[\/et_pb_text][\/et_pb_column][\/et_pb_row][\/et_pb_section][et_pb_section fb_built=&#8221;1&#8243; specialty=&#8221;on&#8221; custom_padding_last_edited=&#8221;on|tablet&#8221; padding_top_bottom_link_1=&#8221;false&#8221; padding_left_right_link_1=&#8221;false&#8221; admin_label=&#8221;Stats&#8221; _builder_version=&#8221;4.0.10&#8243; background_color=&#8221;#efefef&#8221; use_background_color_gradient=&#8221;on&#8221; background_color_gradient_start=&#8221;rgba(239,239,239,0.55)&#8221; background_color_gradient_end=&#8221;#efefef&#8221; background_color_gradient_type=&#8221;radial&#8221; background_color_gradient_direction_radial=&#8221;top left&#8221; background_color_gradient_start_position=&#8221;20%&#8221; background_color_gradient_end_position=&#8221;60%&#8221; background_color_gradient_overlays_image=&#8221;on&#8221; background_image=&#8221;https:\/\/barbaraperezlaw.com\/wp-content\/uploads\/2020\/09\/brewery-17.jpg&#8221; overflow-x=&#8221;hidden&#8221; overflow-y=&#8221;hidden&#8221; custom_padding=&#8221;54px||||false|false&#8221; custom_padding_tablet=&#8221;0px||||false|false&#8221; custom_padding_phone=&#8221;&#8221; locked=&#8221;off&#8221;][et_pb_column type=&#8221;1_2&#8243; specialty_columns=&#8221;2&#8243; _builder_version=&#8221;3.25&#8243; custom_padding=&#8221;|||&#8221; custom_padding__hover=&#8221;|||&#8221;][et_pb_row_inner _builder_version=&#8221;4.6.3&#8243; _module_preset=&#8221;default&#8221;][et_pb_column_inner saved_specialty_column_type=&#8221;1_2&#8243; _builder_version=&#8221;4.6.3&#8243; _module_preset=&#8221;default&#8221;][et_pb_image src=&#8221;https:\/\/barbaraperezlaw.com\/wp-content\/uploads\/2020\/09\/img.png&#8221; title_text=&#8221;img&#8221; _builder_version=&#8221;4.6.3&#8243; _module_preset=&#8221;default&#8221;][\/et_pb_image][\/et_pb_column_inner][\/et_pb_row_inner][\/et_pb_column][et_pb_column type=&#8221;1_2&#8243; _builder_version=&#8221;3.25&#8243; custom_padding=&#8221;|||&#8221; custom_padding__hover=&#8221;|||&#8221; admin_label=&#8221;Column&#8221;][et_pb_text _builder_version=&#8221;4.6.3&#8243; text_font=&#8221;Open Sans||||||||&#8221; text_text_color=&#8221;#828282&#8243; header_2_font=&#8221;Cormorant Garamond|700|||||||&#8221; header_2_text_color=&#8221;#030303&#8243; header_2_font_size=&#8221;65px&#8221; header_3_font=&#8221;Open Sans||||||||&#8221; header_3_text_color=&#8221;#030303&#8243; header_3_font_size=&#8221;23px&#8221; header_3_letter_spacing=&#8221;11px&#8221; header_4_font=&#8221;Merriweather||||||||&#8221; header_4_text_color=&#8221;#e94558&#8243; header_4_line_height=&#8221;1.4em&#8221; max_width_tablet=&#8221;80%&#8221; max_width_phone=&#8221;&#8221; max_width_last_edited=&#8221;on|phone&#8221; header_2_font_size_tablet=&#8221;60px&#8221; header_2_font_size_phone=&#8221;39px&#8221; header_2_font_size_last_edited=&#8221;on|phone&#8221; header_3_font_size_tablet=&#8221;20px&#8221; header_3_font_size_phone=&#8221;&#8221; header_3_font_size_last_edited=&#8221;on|phone&#8221; header_3_letter_spacing_tablet=&#8221;6px&#8221; header_3_letter_spacing_phone=&#8221;&#8221; header_3_letter_spacing_last_edited=&#8221;on|tablet&#8221; header_4_font_size_tablet=&#8221;20px&#8221; header_4_font_size_phone=&#8221;14px&#8221; header_4_font_size_last_edited=&#8221;on|phone&#8221; locked=&#8221;off&#8221;]<\/p>\n<h2>Barbara P\u00e9rez, Esq<\/h2>\n<h3>Fundadora<\/h3>\n<p>[\/et_pb_text][et_pb_text _builder_version=&#8221;4.6.3&#8243; text_font=&#8221;Open Sans||||||||&#8221; text_text_color=&#8221;#828282&#8243; custom_padding=&#8221;||||false|false&#8221; locked=&#8221;off&#8221;]<\/p>\n<p style=\"text-align: left;\">Barbara P\u00e9rez naci\u00f3 y creci\u00f3 en Guatemala. Emigr\u00f3 a los Estados Unidos cuando ten\u00eda 18 a\u00f1os. Junto con su familia, la abogada P\u00e9rez tuvo que navegar el sistema de inmigraci\u00f3n. Convertirse en ciudadana de los Estados Unidos fue uno de los momentos m\u00e1s orgullosos de su vida.<\/p>\n<p style=\"text-align: left;\">La abogada P\u00e9rez se gradu\u00f3 de la Universidad Internacional Trinity en 2007 con una Licenciatura en Educaci\u00f3n Primaria. Recibi\u00f3 su Doctorado en Jurisprudencia de la Facultad de Derecho FAMU en 2018. Al graduarse, la abogada P\u00e9rez trabaj\u00f3 en el departamento de servicios legales de inmigracion con Caridades Catolicas de la Florida Central.<\/p>\n<p style=\"text-align: left;\">La abogada P\u00e9rez le apasiona ayudar a las personas a obtener estatus legal en los Estados Unidos. Ese es el objetivo final. Desafortunadamente, no todos califican para un beneficio de inmigraci\u00f3n. Siempre seremos honestos con usted acerca de sus opciones. Podemos ayudarle a preparar un plan de seguridad en el desafortunado caso de una deportaci\u00f3n.<\/p>\n<p style=\"text-align: left;\">Attorney Perez is the author of the book Through God\u2019s Eyes: Eight Truths to Help you Rise from Victimhood to Victory.\u00a0<\/p>\n<p style=\"text-align: left;\">\n<p style=\"text-align: left;\">\n<p>[\/et_pb_text][\/et_pb_column][\/et_pb_section][et_pb_section fb_built=&#8221;1&#8243; _builder_version=&#8221;4.7.4&#8243; _module_preset=&#8221;default&#8221;][et_pb_row _builder_version=&#8221;4.7.4&#8243; _module_preset=&#8221;default&#8221;][et_pb_column _builder_version=&#8221;4.7.4&#8243; _module_preset=&#8221;default&#8221; type=&#8221;4_4&#8243;][et_pb_text _builder_version=&#8221;4.7.4&#8243; text_font=&#8221;Open Sans||||||||&#8221; text_text_color=&#8221;#828282&#8243; header_2_font=&#8221;Cormorant Garamond|700|||||||&#8221; header_2_text_color=&#8221;#030303&#8243; header_2_font_size=&#8221;53px&#8221; header_3_font=&#8221;Open Sans||||||||&#8221; header_3_text_color=&#8221;#030303&#8243; header_3_font_size=&#8221;23px&#8221; header_3_letter_spacing=&#8221;11px&#8221; header_4_font=&#8221;Merriweather||||||||&#8221; header_4_text_color=&#8221;#e94558&#8243; header_4_line_height=&#8221;1.4em&#8221; max_width_tablet=&#8221;80%&#8221; max_width_phone=&#8221;&#8221; max_width_last_edited=&#8221;on|phone&#8221; hover_enabled=&#8221;0&#8243; header_2_font_size_tablet=&#8221;60px&#8221; header_2_font_size_phone=&#8221;39px&#8221; header_2_font_size_last_edited=&#8221;on|tablet&#8221; header_3_font_size_tablet=&#8221;20px&#8221; header_3_font_size_phone=&#8221;&#8221; header_3_font_size_last_edited=&#8221;on|phone&#8221; header_3_letter_spacing_tablet=&#8221;6px&#8221; header_3_letter_spacing_phone=&#8221;&#8221; header_3_letter_spacing_last_edited=&#8221;on|tablet&#8221; header_4_font_size_tablet=&#8221;20px&#8221; header_4_font_size_phone=&#8221;14px&#8221; header_4_font_size_last_edited=&#8221;on|phone&#8221; locked=&#8221;off&#8221; sticky_enabled=&#8221;0&#8243;]<\/p>\n<h2>Somos miembros orgullosos y activos de:<\/h2>\n<p>[\/et_pb_text][\/et_pb_column][\/et_pb_row][et_pb_row _builder_version=&#8221;4.7.4&#8243; _module_preset=&#8221;default&#8221; column_structure=&#8221;1_3,1_3,1_3&#8243;][et_pb_column _builder_version=&#8221;4.7.4&#8243; _module_preset=&#8221;default&#8221; type=&#8221;1_3&#8243;][et_pb_image src=&#8221;https:\/\/barbaraperezlaw.com\/wp-content\/uploads\/2025\/02\/1.png&#8221; _builder_version=&#8221;4.7.4&#8243; _module_preset=&#8221;default&#8221; title_text=&#8221;1&#8243; hover_enabled=&#8221;0&#8243; sticky_enabled=&#8221;0&#8243;][\/et_pb_image][\/et_pb_column][et_pb_column _builder_version=&#8221;4.7.4&#8243; _module_preset=&#8221;default&#8221; type=&#8221;1_3&#8243;][et_pb_image src=&#8221;https:\/\/barbaraperezlaw.com\/wp-content\/uploads\/2025\/02\/2.png&#8221; _builder_version=&#8221;4.7.4&#8243; _module_preset=&#8221;default&#8221; title_text=&#8221;2&#8243; hover_enabled=&#8221;0&#8243; sticky_enabled=&#8221;0&#8243;][\/et_pb_image][\/et_pb_column][et_pb_column _builder_version=&#8221;4.7.4&#8243; _module_preset=&#8221;default&#8221; type=&#8221;1_3&#8243;][et_pb_image src=&#8221;https:\/\/barbaraperezlaw.com\/wp-content\/uploads\/2025\/02\/3.png&#8221; _builder_version=&#8221;4.7.4&#8243; _module_preset=&#8221;default&#8221; title_text=&#8221;3&#8243; hover_enabled=&#8221;0&#8243; sticky_enabled=&#8221;0&#8243;][\/et_pb_image][\/et_pb_column][\/et_pb_row][\/et_pb_section]<\/p>","protected":false},"excerpt":{"rendered":"<p>[et_pb_section fb_built=&#8221;1&#8243; admin_label=&#8221;Header&#8221; _builder_version=&#8221;4.7.4&#8243; use_background_color_gradient=&#8221;on&#8221; background_color_gradient_start=&#8221;rgba(0,0,0,0.95)&#8221; background_color_gradient_end=&#8221;rgba(0,0,0,0)&#8221; background_color_gradient_direction=&#8221;90deg&#8221; background_color_gradient_overlays_image=&#8221;on&#8221; background_image=&#8221;https:\/\/barbaraperezlaw.com\/wp-content\/uploads\/2020\/09\/tingey-injury-law-firm-DZpc4UY8ZtY-unsplash.png&#8221; custom_padding=&#8221;0px||0vw||false|false&#8221; locked=&#8221;off&#8221;][et_pb_row custom_padding_last_edited=&#8221;on|desktop&#8221; _builder_version=&#8221;4.7.4&#8243; max_width=&#8221;1180px&#8221; custom_margin=&#8221;150px||80px||false|false&#8221; custom_margin_tablet=&#8221;&#8221; custom_margin_phone=&#8221;&#8221; custom_margin_last_edited=&#8221;on|phone&#8221; custom_padding=&#8221;|50px|0px|50px|false|true&#8221; custom_padding_tablet=&#8221;0px||||false|true&#8221; custom_padding_phone=&#8221;0px||||false|false&#8221; border_color_all=&#8221;#e94558&#8243; border_width_left=&#8221;2px&#8221; border_color_left=&#8221;#ffffff&#8221;][et_pb_column type=&#8221;4_4&#8243; _builder_version=&#8221;4.0.6&#8243;][et_pb_text _builder_version=&#8221;4.7.4&#8243; text_font=&#8221;Open Sans||||||||&#8221; text_font_size=&#8221;16px&#8221; header_font=&#8221;Cormorant Garamond||||||||&#8221; header_text_color=&#8221;#ffffff&#8221; header_font_size=&#8221;150px&#8221; header_2_font=&#8221;Cormorant Garamond||||||||&#8221; header_2_text_color=&#8221;#ffffff&#8221; header_2_font_size=&#8221;150px&#8221; header_3_font=&#8221;Open Sans||||||||&#8221; header_3_text_color=&#8221;#bcbcbc&#8221; header_3_font_size=&#8221;23px&#8221; header_3_letter_spacing=&#8221;11px&#8221; header_3_line_height=&#8221;2.7em&#8221; background_layout=&#8221;dark&#8221; header_font_size_tablet=&#8221;71px&#8221; header_font_size_phone=&#8221;54px&#8221; header_font_size_last_edited=&#8221;on|phone&#8221; header_2_font_size_tablet=&#8221;131px&#8221; header_2_font_size_phone=&#8221;83px&#8221; header_2_font_size_last_edited=&#8221;on|tablet&#8221; header_3_font_size_tablet=&#8221;20px&#8221; header_3_font_size_phone=&#8221;&#8221; header_3_font_size_last_edited=&#8221;on|phone&#8221; [&hellip;]<\/p>","protected":false},"author":1,"featured_media":0,"parent":0,"menu_order":0,"comment_status":"closed","ping_status":"closed","template":"","meta":{"_et_pb_use_builder":"on","_et_pb_old_content":"<!-- wp:divi\/placeholder \/-->","_et_gb_content_width":"","footnotes":""},"class_list":["post-98","page","type-page","status-publish","hentry"],"jetpack_sharing_enabled":true,"_links":{"self":[{"href":"https:\/\/barbaraperezlaw.com\/es\/wp-json\/wp\/v2\/pages\/98","targetHints":{"allow":["GET"]}}],"collection":[{"href":"https:\/\/barbaraperezlaw.com\/es\/wp-json\/wp\/v2\/pages"}],"about":[{"href":"https:\/\/barbaraperezlaw.com\/es\/wp-json\/wp\/v2\/types\/page"}],"author":[{"embeddable":true,"href":"https:\/\/barbaraperezlaw.com\/es\/wp-json\/wp\/v2\/users\/1"}],"replies":[{"embeddable":true,"href":"https:\/\/barbaraperezlaw.com\/es\/wp-json\/wp\/v2\/comments?post=98"}],"version-history":[{"count":37,"href":"https:\/\/barbaraperezlaw.com\/es\/wp-json\/wp\/v2\/pages\/98\/revisions"}],"predecessor-version":[{"id":736,"href":"https:\/\/barbaraperezlaw.com\/es\/wp-json\/wp\/v2\/pages\/98\/revisions\/736"}],"wp:attachment":[{"href":"https:\/\/barbaraperezlaw.com\/es\/wp-json\/wp\/v2\/media?parent=98"}],"curies":[{"name":"wp","href":"https:\/\/api.w.org\/{rel}","templated":true}]}}